{"id":890,"date":"2020-03-17T10:44:43","date_gmt":"2020-03-17T09:44:43","guid":{"rendered":"http:\/\/www.gochapawlak.pl\/?page_id=890"},"modified":"2020-03-17T11:26:04","modified_gmt":"2020-03-17T10:26:04","slug":"kontakt","status":"publish","type":"page","link":"https:\/\/www.gochapawlak.pl\/index.php\/kontakt\/","title":{"rendered":"KONTAKT"},"content":{"rendered":"<p><img decoding=\"async\" loading=\"lazy\" class=\"alignnone size-full wp-image-892\" src=\"http:\/\/www.gochapawlak.pl\/wp-content\/uploads\/2020\/03\/albania.jpg\" alt=\"\" width=\"1024\" height=\"772\" srcset=\"https:\/\/www.gochapawlak.pl\/wp-content\/uploads\/2020\/03\/albania.jpg 1024w, https:\/\/www.gochapawlak.pl\/wp-content\/uploads\/2020\/03\/albania-300x226.jpg 300w, https:\/\/www.gochapawlak.pl\/wp-content\/uploads\/2020\/03\/albania-768x579.jpg 768w, https:\/\/www.gochapawlak.pl\/wp-content\/uploads\/2020\/03\/albania-110x83.jpg 110w, https:\/\/www.gochapawlak.pl\/wp-content\/uploads\/2020\/03\/albania-420x317.jpg 420w, https:\/\/www.gochapawlak.pl\/wp-content\/uploads\/2020\/03\/albania-570x430.jpg 570w\" sizes=\"(max-width: 1024px) 100vw, 1024px\" \/><\/p>\n<p><strong>Masz pytania? Pomys\u0142y na wsp\u00f3lne dzia\u0142ania? Propozycj\u0119 wsp\u00f3\u0142pracy? A mo\u017ce po prostu chcesz si\u0119 czym\u015b podzieli\u0107?<\/strong><\/p>\n<p>Zapraszam do kontaktu: <strong><a href=\"https:\/\/www.facebook.com\/gocha.pawlak\">Facebook<\/a><\/strong> \/\/ <strong><a href=\"https:\/\/www.instagram.com\/gocha.pawlak\/\">Instagram<\/a><\/strong> \/\/ <strong>gochapawlak <\/strong>[at] <strong>yahoo.com<br \/>\n<\/strong><\/p>\n<p>&nbsp;<\/p>\n<p>&nbsp;<\/p>\n","protected":false},"excerpt":{"rendered":"<p>Masz pytania? Pomys\u0142y na wsp\u00f3lne dzia\u0142ania? Propozycj\u0119 wsp\u00f3\u0142pracy? A mo\u017ce po prostu chcesz si\u0119 czym\u015b podzieli\u0107? Zapraszam do kontaktu: Facebook \/\/ Instagram \/\/ gochapawlak [at] yahoo.com &nbsp; &nbsp;<\/p>\n","protected":false},"author":1,"featured_media":0,"parent":0,"menu_order":0,"comment_status":"closed","ping_status":"closed","template":"","meta":[],"_links":{"self":[{"href":"https:\/\/www.gochapawlak.pl\/index.php\/wp-json\/wp\/v2\/pages\/890"}],"collection":[{"href":"https:\/\/www.gochapawlak.pl\/index.php\/wp-json\/wp\/v2\/pages"}],"about":[{"href":"https:\/\/www.gochapawlak.pl\/index.php\/wp-json\/wp\/v2\/types\/page"}],"author":[{"embeddable":true,"href":"https:\/\/www.gochapawlak.pl\/index.php\/wp-json\/wp\/v2\/users\/1"}],"replies":[{"embeddable":true,"href":"https:\/\/www.gochapawlak.pl\/index.php\/wp-json\/wp\/v2\/comments?post=890"}],"version-history":[{"count":6,"href":"https:\/\/www.gochapawlak.pl\/index.php\/wp-json\/wp\/v2\/pages\/890\/revisions"}],"predecessor-version":[{"id":902,"href":"https:\/\/www.gochapawlak.pl\/index.php\/wp-json\/wp\/v2\/pages\/890\/revisions\/902"}],"wp:attachment":[{"href":"https:\/\/www.gochapawlak.pl\/index.php\/wp-json\/wp\/v2\/media?parent=890"}],"curies":[{"name":"wp","href":"https:\/\/api.w.org\/{rel}","templated":true}]}}